{"id":387,"date":"2024-03-13T12:38:18","date_gmt":"2024-03-13T12:38:18","guid":{"rendered":"http:\/\/192.168.10.129\/belgrani\/?page_id=387"},"modified":"2025-10-14T08:58:48","modified_gmt":"2025-10-14T08:58:48","slug":"materias-primas","status":"publish","type":"page","link":"https:\/\/belgrani.com\/fr\/matieres-premieres\/","title":{"rendered":"Mati\u00e8res Premi\u00e8res"},"content":{"rendered":"","protected":false},"excerpt":{"rendered":"<p>Descubra os Nossos Servi\u00e7os<\/p>","protected":false},"author":1,"featured_media":0,"parent":0,"menu_order":0,"comment_status":"closed","ping_status":"closed","template":"","meta":{"footnotes":""},"class_list":["post-387","page","type-page","status-publish","hentry"],"_links":{"self":[{"href":"https:\/\/belgrani.com\/fr\/wp-json\/wp\/v2\/pages\/387","targetHints":{"allow":["GET"]}}],"collection":[{"href":"https:\/\/belgrani.com\/fr\/wp-json\/wp\/v2\/pages"}],"about":[{"href":"https:\/\/belgrani.com\/fr\/wp-json\/wp\/v2\/types\/page"}],"author":[{"embeddable":true,"href":"https:\/\/belgrani.com\/fr\/wp-json\/wp\/v2\/users\/1"}],"replies":[{"embeddable":true,"href":"https:\/\/belgrani.com\/fr\/wp-json\/wp\/v2\/comments?post=387"}],"version-history":[{"count":1,"href":"https:\/\/belgrani.com\/fr\/wp-json\/wp\/v2\/pages\/387\/revisions"}],"predecessor-version":[{"id":388,"href":"https:\/\/belgrani.com\/fr\/wp-json\/wp\/v2\/pages\/387\/revisions\/388"}],"wp:attachment":[{"href":"https:\/\/belgrani.com\/fr\/wp-json\/wp\/v2\/media?parent=387"}],"curies":[{"name":"wp","href":"https:\/\/api.w.org\/{rel}","templated":true}]}}